{"id":55765,"date":"2025-03-16T22:47:17","date_gmt":"2025-03-16T21:47:17","guid":{"rendered":"https:\/\/evofitness.ch\/?page_id=55765"},"modified":"2025-11-25T13:41:35","modified_gmt":"2025-11-25T12:41:35","slug":"conditions-adhesion","status":"publish","type":"page","link":"https:\/\/evofitness.ch\/fr\/conditions-adhesion\/","title":{"rendered":"Conditions d\u2019adh\u00e9sion"},"content":{"rendered":"\n<div class=\"wp-block-group background-blob background-blob--primary background-blob--bottom-right has-global-padding is-layout-constrained wp-block-group-is-layout-constrained\">\n<h1 class=\"wp-block-heading\"><strong>Conditions g\u00e9n\u00e9rales<\/strong> d\u2019adh\u00e9sion<\/h1>\n\n\n\n<div style=\"height:40px\" aria-hidden=\"true\" class=\"wp-block-spacer\"><\/div>\n<\/div>\n\n\n\n<div class=\"wp-block-group has-global-padding is-layout-constrained wp-block-group-is-layout-constrained\">\n<p>Conditions g\u00e9n\u00e9rales d\u2019adh\u00e9sion, 02.09.2024<\/p>\n\n\n\n<h2 class=\"wp-block-heading\">INTRODUCTION DU CONTRAT<\/h2>\n\n\n\n<ol class=\"wp-block-list\">\n<li>Les pr\u00e9sentes conditions g\u00e9n\u00e9rales font partie du contrat d&#8217;adh\u00e9sion entre Lifestyle Concepts SARL (ci-apr\u00e8s d\u00e9nomm\u00e9 &#8220;EVO&#8221;) et le membre.<\/li>\n\n\n\n<li>Les pr\u00e9sentes conditions g\u00e9n\u00e9rales font r\u00e9f\u00e9rence \u00e0 tous les clubs suisses EVO.<\/li>\n\n\n\n<li>EVO accepte les personnes dont l\u2019\u00e2ge minimum est 18 ans et on peut vous demander de pr\u00e9senter une pi\u00e8ce d&#8217;identit\u00e9. S&#8217;il est d\u00e9couvert que vous avez moins de 18 ans, l&#8217;adh\u00e9sion sera r\u00e9sili\u00e9e imm\u00e9diatement et les frais d\u2019inscription et d\u2019abonnement ne seront pas rembours\u00e9s. \u00c0 titre exceptionnel, les jeunes de 16 et 17 ans peuvent devenir membres EVO. L&#8217;adh\u00e9sion doit \u00eatre enregistr\u00e9e au club en pr\u00e9sence du repr\u00e9sentant l\u00e9gal.<\/li>\n<\/ol>\n\n\n\n<h3 class=\"wp-block-heading\">ABONNEMENT SANS ENGAGEMENT<\/h3>\n\n\n\n<ol start=\"4\" class=\"wp-block-list\">\n<li>Le produit principal d\u2019EVO est une adh\u00e9sion \u00e0 un club sans contrat d\u2019engagement \u00e0 long terme.<\/li>\n\n\n\n<li>Sauf indication contraire, l\u2019adh\u00e9sion est active \u00e0 partir du jour de votre inscription. Lors de l\u2019inscription, des frais d\u2019inscription vous sont factur\u00e9s, ainsi que des frais d\u2019adh\u00e9sion pour les jours restants du mois au cours duquel vous vous inscrivez. Au cours des mois suivants, vos mensualit\u00e9s seront d\u00e9bit\u00e9es le premier&nbsp;de&nbsp;chaque&nbsp;mois.<\/li>\n\n\n\n<li>Vous pouvez annuler votre adh\u00e9sion sur <a href=\"https:\/\/me.evofitness.ch\/\"><strong>MyEVO<\/strong><\/a>. Une fois annul\u00e9e, l\u2019adh\u00e9sion continuera d\u2019\u00eatre active jusqu\u2019\u00e0 la fin du mois suivant, et sera \u00e9galement factur\u00e9. Si vous n&#8217;annulez pas votre abonnement, il se poursuivra automatiquement jusqu&#8217;\u00e0 son annulation<\/li>\n\n\n\n<li>Si votre adh\u00e9sion a commenc\u00e9 avant le 01.10.2019, les options d&#8217;annulation sont indiqu\u00e9es ci-dessous et marqu\u00e9es d&#8217;un *.<\/li>\n<\/ol>\n\n\n\n<h3 class=\"wp-block-heading\">ABONNEMENT AVEC ENGAGEMENT DE 12 MOIS<\/h3>\n\n\n\n<ol start=\"8\" class=\"wp-block-list\">\n<li>Le deuxi\u00e8me produit d&#8217;EVO est l&#8217;adh\u00e9sion \u00e0 un club avec une p\u00e9riode d\u2019engagement de 12 mois.<\/li>\n\n\n\n<li>Sauf indication contraire, l\u2019adh\u00e9sion est active \u00e0 partir du jour de votre inscription. Lors de l\u2019inscription, des frais d\u2019inscription vous sont factur\u00e9s, ainsi que des frais d\u2019adh\u00e9sion pour les jours restants du mois au cours duquel vous vous inscrivez. Au cours des mois suivants, vos mensualit\u00e9s seront d\u00e9bit\u00e9es le premier&nbsp;de&nbsp;chaque&nbsp;mois.<\/li>\n\n\n\n<li>Vous pouvez r\u00e9silier votre abonnement avec engagement de 12 mois sur <a href=\"https:\/\/me.evofitness.ch\/\"><strong>MyEVO<\/strong><\/a> jusqu&#8217;\u00e0 la fin du 9\u00e8me mois de votre adh\u00e9sion. Une fois annul\u00e9e, votre adh\u00e9sion restera active jusqu&#8217;\u00e0 la fin du 12\u00e8me mois. Apr\u00e8s le 9\u00e8me mois, votre adh\u00e9sion peut \u00eatre r\u00e9sili\u00e9e mensuellement avec un pr\u00e9avis de 3 mois. Notez que le 1er mois de votre adh\u00e9sion correspond au premier mois civil complet de votre adh\u00e9sion.<\/li>\n\n\n\n<li>Si vous annulez votre abonnement de 12 mois sans tenir compte des r\u00e8gles d\u00e9crites ci-dessus, vous serez factur\u00e9 pour les mois restants de la p\u00e9riode d&#8217;engagement.<\/li>\n\n\n\n<li>Vous pouvez annuler votre abonnement de 12 mois avant la fin de la p\u00e9riode obligatoire dans des circonstances exceptionnelles, comme par exemple:\n<ul class=\"wp-block-list\">\n<li>Vous d\u00e9m\u00e9nagez dans un autre pays.<\/li>\n\n\n\n<li>Vous d\u00e9m\u00e9nagez dans une autre r\u00e9gion de Suisse qui n&#8217;a pas de clubs EVO.<br>Dans tous les cas susmentionn\u00e9s, vous devez pr\u00e9senter des documents officiels pour le prouver. Si les documents respectifs sont pr\u00e9sent\u00e9s et sont valables, votre adh\u00e9sion sera r\u00e9sili\u00e9e \u00e0 la fin du mois suivant. Pour la p\u00e9riode allant du d\u00e9but de votre p\u00e9riode d&#8217;engagement actuelle de 12 mois jusqu&#8217;\u00e0 la fin de votre adh\u00e9sion, les conditions standards d\u2019abonnement sans engagement seront appliqu\u00e9es. Vous serez pr\u00e9lev\u00e9 r\u00e9troactivement de la diff\u00e9rence entre les cotisations mensuelles pr\u00e9c\u00e9dentes.<\/li>\n<\/ul>\n<\/li>\n\n\n\n<li>Si votre abonnement avec engagement de 12 mois a commenc\u00e9 avant le 01.10.2019, les options d&#8217;annulation sont indiqu\u00e9es ci-dessous marqu\u00e9es d&#8217;un *.<\/li>\n\n\n\n<li>Si votre abonnement avec engagement de 12 mois a commenc\u00e9 entre le 01.10.2019 et le 07.02.2024, les options d\u2019annulation sont indiqu\u00e9es ci-dessous marqu\u00e9es d\u2019un *.<\/li>\n<\/ol>\n\n\n\n<h3 class=\"wp-block-heading\">ESSAI GRATUIT<\/h3>\n\n\n\n<ol start=\"15\" class=\"wp-block-list\">\n<li>La p\u00e9riode d&#8217;essai commence au moment o\u00f9 vous soumettez le formulaire d&#8217;inscription.<\/li>\n\n\n\n<li>Apr\u00e8s avoir rempli le formulaire d&#8217;inscription, vous recevrez un SMS avec un code d&#8217;acc\u00e8s qui vous permettra d&#8217;acc\u00e9der au club.<\/li>\n\n\n\n<li>Vous ne pouvez vous inscrire \u00e0 l&#8217;essai gratuit qu&#8217;une seule fois.<\/li>\n\n\n\n<li>EVO propose deux types d&#8217;essais diff\u00e9rents :\n<ul class=\"wp-block-list\">\n<li>1-JOUR D&#8217;ESSAI GRATUIT\n<ul class=\"wp-block-list\">\n<li>Vous pouvez venir faire votre essai une seule fois dans un club sous 7 jours<\/li>\n<\/ul>\n<\/li>\n\n\n\n<li>ESSAI GRATUIT DE PLUSIEURS JOURS\n<ul class=\"wp-block-list\">\n<li>Vous pourrez entrer dans le club autant de fois que vous le souhaitez pendant le nombre de jours sp\u00e9cifi\u00e9 lors de votre inscription.<\/li>\n\n\n\n<li>Si vous n&#8217;annulez pas l&#8217;essai gratuit sur <a href=\"https:\/\/me.evofitness.ch\/\"><strong>MyEVO<\/strong><\/a>, le premier jour suivant votre p\u00e9riode d&#8217;essai, vous deviendrez automatiquement un membre actif d&#8217;EVO.<\/li>\n<\/ul>\n<\/li>\n<\/ul>\n<\/li>\n<\/ol>\n\n\n\n<h3 class=\"wp-block-heading\">ACC\u00c8S<\/h3>\n\n\n\n<ol start=\"19\" class=\"wp-block-list\">\n<li>Vous devez avoir votre badge d\u2019acc\u00e8s personnel avec vous en tout temps pendant vos entra\u00eenements. C&#8217;est ce qui vous permet d&#8217;entrer et de sortir du club. Vous pouvez r\u00e9cup\u00e9rer votre badge d\u2019acc\u00e8s pendant les s\u00e9ances d\u2019introduction. N&#8217;oubliez pas de le faire avant l&#8217;expiration de votre code d&#8217;acc\u00e8s temporaire (pour en savoir plus sur la &#8220;r\u00e9cup\u00e9ration du badge d\u2019acc\u00e8s&#8221; sur <a href=\"https:\/\/me.evofitness.ch\/\"><strong>MyEVO<\/strong><\/a>).<\/li>\n\n\n\n<li>En tant que membre d&#8217;EVO, vous pouvez vous entra\u00eener dans votre club principal et dans tous nos clubs en Suisse qui n&#8217;ont pas d\u00e9pass\u00e9 la capacit\u00e9 maximale des membres. Vous trouverez un aper\u00e7u des clubs auxquels vous avez acc\u00e8s sur <a href=\"https:\/\/me.evofitness.ch\/\"><strong>MyEVO<\/strong><\/a> sous &#8220;Centre principal et acc\u00e8s&#8221;.<\/li>\n\n\n\n<li>Chaque adh\u00e9sion EVO est li\u00e9e \u00e0 une seule personne. Par cons\u00e9quent, votre badge d\u2019acc\u00e8s ne doit pas \u00eatre utilis\u00e9 par d&#8217;autres personnes. Si deux personnes franchissent l&#8217;entr\u00e9e cons\u00e9cutivement avec le m\u00eame badge d&#8217;acc\u00e8s, la cam\u00e9ra de surveillance pr\u00e8s de l&#8217;entr\u00e9e est activ\u00e9e et l&#8217;entreprise de s\u00e9curit\u00e9 est alert\u00e9e. Dans un tel cas, votre abonnement sera r\u00e9sili\u00e9 imm\u00e9diatement sans pr\u00e9avis, et les frais d&#8217;inscription et d&#8217;abonnement ne seront pas rembours\u00e9s.<\/li>\n<\/ol>\n\n\n\n<h3 class=\"wp-block-heading\">GESTION DES ABONNEMENTS<\/h3>\n\n\n\n<ol start=\"22\" class=\"wp-block-list\">\n<li>En tant que membre EVO, vous g\u00e9rez votre propre adh\u00e9sion via <a href=\"https:\/\/me.evofitness.ch\/\"><strong>MyEVO<\/strong><\/a>. Cela signifie que si vous souhaitez modifier des renseignements personnels, le club principal ou la carte bancaire, fixer une p\u00e9riode de gel, mettre fin \u00e0 votre adh\u00e9sion, etc. vous devez vous connecter \u00e0 <a href=\"https:\/\/me.evofitness.ch\/\"><strong>MyEVO<\/strong><\/a>. La r\u00e9siliation par e-mail ou par lettre manuscrite n&#8217;est pas valable. Apr\u00e8s r\u00e9sili\u00e9 votre abonnement, vous recevrez une confirmation par courriel.<\/li>\n\n\n\n<li>Vous pouvez geler votre abonnement jusqu\u2019\u00e0 trois mois par an. La suspension de l\u2019abonnement co\u00fbte 20 CHF par mois et doit \u00eatre effectu\u00e9e durant le mois qui pr\u00e9c\u00e8de le d\u00e9but de la p\u00e9riode de gel souhait\u00e9e. Sachez qu\u2019il n\u2019est pas possible de mettre fin \u00e0 un abonnement pendant une p\u00e9riode de gel. Si vous gelez un abonnement avec engagement annuel, la dur\u00e9e de l&#8217;engagement sera prolong\u00e9e du nombre de mois gel\u00e9s.<\/li>\n\n\n\n<li>Vous \u00eates responsable de g\u00e9rer vos renseignements personnels \u00e0 tout moment. Vous pouvez effectuer les modifications vous-m\u00eame sur <a href=\"https:\/\/me.evofitness.ch\/\"><strong>MyEVO<\/strong><\/a>. EVO d\u00e9cline toute responsabilit\u00e9 en cas d&#8217;erreur dans les informations que vous avez enregistr\u00e9es.<\/li>\n\n\n\n<li>Toutes les demandes de renseignements concernant votre adh\u00e9sion doivent \u00eatre adress\u00e9es \u00e0 &#8216;Contactez-nous&#8217; sur <a href=\"https:\/\/me.evofitness.ch\/\"><strong>MyEVO<\/strong><\/a>. Vous y avez acc\u00e8s en tant que membre.<\/li>\n<\/ol>\n\n\n\n<h3 class=\"wp-block-heading\">PAIEMENT<\/h3>\n\n\n\n<ol start=\"26\" class=\"wp-block-list\">\n<li>1. En tant que membre d&#8217;EVO, vous acceptez que votre carte bancaire soit d\u00e9bit\u00e9e de la cotisation convenue le premier jour de chaque mois. Vous \u00eates responsable de la mise \u00e0 jour des informations de paiement \u00e0 tout moment, notamment en vous assurant de la validit\u00e9 de votre carte bancaire. Vous pouvez modifier les informations de paiement sur <a href=\"https:\/\/me.evofitness.ch\/login\"><strong>MyEVO<\/strong><\/a>.<br>2. Les re\u00e7us des cotisations pay\u00e9es sont disponibles sous forme de fichiers .pdf sur <a href=\"https:\/\/me.evofitness.ch\/\"><strong>MyEVO<\/strong><\/a>, sous la rubrique \u00ab Paiement \u00bb.<br>3. EVO envoie des rappels par e-mail et par SMS pour les cotisations impay\u00e9es, ainsi que des avertissements de r\u00e9siliation automatique de l&#8217;adh\u00e9sion si les cotisations restent impay\u00e9es.<br>4. Si vous avez 2 mois de cotisations impay\u00e9es, EVO d\u00e9sactivera votre acc\u00e8s \u00e0 nos clubs EVO \u00e0 partir du d\u00e9but du deuxi\u00e8me mois d&#8217;impay\u00e9. L&#8217;acc\u00e8s sera r\u00e9activ\u00e9 dans les 2 jours ouvrables apr\u00e8s r\u00e9ception d&#8217;une preuve de paiement par e-mail \u00e0 <a href=\"mailto:support@evofitness.ch\">support@evofitness.ch<\/a>.<br>5. Apr\u00e8s 2 mois de cotisations impay\u00e9es, le montant en suspens est envoy\u00e9 \u00e0 une agence de recouvrement.<br>6. Si votre abonnement EVO est annul\u00e9 en raison d&#8217;une dette impay\u00e9e et que vous souhaitez \u00e9viter que cette dette soit envoy\u00e9e \u00e0 une agence de recouvrement, vous pouvez payer le montant impay\u00e9 par virement bancaire. EVO facturera ainsi des frais de traitement de 40,-CHF. Pour ce faire, vous devez contacter EVO par e-mail \u00e0 l&#8217;adresse <a href=\"mailto:support@evofitness.ch\">support@evofitness.ch<\/a> au plus tard le 5\u00e8me jour du mois suivant l&#8217;annulation de votre adh\u00e9sion. EVO vous enverra alors une facture correspondant \u00e0 la dette impay\u00e9e et aux frais de traitement. Vous devez payer la facture et envoyer la preuve du paiement \u00e0 <a href=\"mailto:support@evofitness.ch\">support@evofitness.ch<\/a> au plus tard le 8e jour de ce mois. Les paiements ult\u00e9rieurs ne seront pas accept\u00e9s.<\/li>\n<\/ol>\n\n\n\n<h3 class=\"wp-block-heading\">DES R\u00c8GLES POUR LA S\u00c9CURIT\u00c9 ET LE BIEN-\u00caTRE<\/h3>\n\n\n\n<ol start=\"28\" class=\"wp-block-list\">\n<li>En tant que membre EVO, vous devez vous familiariser avec le plan d&#8217;urgence du club o\u00f9 vous vous entra\u00eenez. Vous trouverez le plan d&#8217;urgence \u00e0 l&#8217;entr\u00e9e des clubs. Il s&#8217;agit d&#8217;un dessin du centre avec des informations sur les sorties de secours, l&#8217;\u00e9quipement d&#8217;extinction d&#8217;incendie, les postes d&#8217;appel, la trousse de premiers soins et des informations sur la fa\u00e7on dont vous devez r\u00e9agir aux diverses urgences qui peuvent survenir au club.<\/li>\n\n\n\n<li>Il existe des heures de pr\u00e9sence \u00e0 temps partiel du staff EVO sur place dans les clubs EVO. EVO utilise ainsi la vid\u00e9osurveillance pour dissuader et d\u00e9tecter les cas de vandalisme et autres activit\u00e9s inhabituelles. La vid\u00e9osurveillance peut vous aider en cas d&#8217;accident ou autre. En tant que membre, vous y consentez.<\/li>\n\n\n\n<li>L&#8217;entra\u00eenement chez EVO se fait \u00e0 vos propres risques et vous \u00eates responsable des effets personnels que vous apportez avec vous au club. Pendant que vous vous entra\u00eenez, vos effets personnels sont rang\u00e9s dans un casier. N&#8217;oubliez pas d&#8217;apporter votre propre cadenas \u00e0 combinaison !<\/li>\n\n\n\n<li>En tant que membre EVO, vous vous engagez \u00e0 respecter \u00e0 tout moment toutes les r\u00e8gles pertinentes pour le bien-\u00eatre qui sont affich\u00e9es dans chaque club.<\/li>\n\n\n\n<li>EVO peut, sans pr\u00e9avis, r\u00e9silier un abonnement qui viole les conditions ou les r\u00e8gles de bien-\u00eatre d&#8217;un membre, et les frais d&#8217;inscription et d&#8217;adh\u00e9sion pay\u00e9s ne seront pas rembours\u00e9s.<\/li>\n<\/ol>\n\n\n\n<h3 class=\"wp-block-heading\">ANTIDOPAGE<\/h3>\n\n\n\n<ol start=\"33\" class=\"wp-block-list\">\n<li>En tant que membre EVO, vous confirmez que vous n&#8217;utilisez pas de stimulants ou d&#8217;autres substances inscrites sur la liste des substances r\u00e9glement\u00e9es antidopage Suisse et que vous vous soumettez volontairement \u00e0 un contr\u00f4le antidopage. Un test de d\u00e9pistage de drogues positif entra\u00eenera la r\u00e9siliation imm\u00e9diate de votre adh\u00e9sion.<\/li>\n\n\n\n<li>EVO d\u00e9sire un environnement d&#8217;entra\u00eenement propre et sain et ne tol\u00e8re aucune forme de dopage parmi ses membres. Tous les membres d&#8217;EVO doivent s&#8217;abstenir d&#8217;utiliser des substances contr\u00f4l\u00e9es. Le dopage constitue une violation flagrante de l&#8217;accord d&#8217;entra\u00eenement et donne \u00e0 EVO le droit d&#8217;annuler l&#8217;accord imm\u00e9diatement. Vous vous engagez \u00e0 ne pas utiliser de substances r\u00e9glement\u00e9es inscrites sur la liste sp\u00e9ciale des centres de formation. Vous pouvez consulter la liste mise \u00e0 jour \u00e0 tout moment sur <a href=\"https:\/\/www.antidoping.ch\/\">antidoping.ch<\/a> en EVO a conclu un accord avec Antidoping Norge concernant les contr\u00f4les antidopage. Si EVO enregistre un signe ou un sympt\u00f4me d&#8217;abus de substances contr\u00f4l\u00e9es, vous serez convoqu\u00e9 \u00e0 une r\u00e9union. Au cours de cette r\u00e9union, on vous pr\u00e9sentera un accord\/d\u00e9claration de d\u00e9pistage de drogues, qui vous obligera ult\u00e9rieurement \u00e0 soumettre un test de d\u00e9pistage de drogues pendant que vous \u00eates au club, \u00e0 condition qu&#8217;il y ait des preuves d&#8217;abus de substances possibles. Le d\u00e9faut de signer cette d\u00e9claration constitue une violation des conditions d&#8217;adh\u00e9sion et donne \u00e0 EVO le droit d&#8217;annuler l&#8217;accord d&#8217;adh\u00e9sion.<\/li>\n\n\n\n<li>Si le test de d\u00e9pistage d&#8217;une substance contr\u00f4l\u00e9e est positif, vous risquez d&#8217;\u00eatre d\u00e9nonc\u00e9 \u00e0 la police.<\/li>\n<\/ol>\n\n\n\n<h3 class=\"wp-block-heading\">CONFIDENTIALIT\u00c9<\/h3>\n\n\n\n<ol start=\"36\" class=\"wp-block-list\">\n<li>En tant que membre EVO, vous consentez \u00e0 ce que EVO recueille, conserve et traite vos renseignements personnels. Ceci \u00e0 des fins administratives, pour rendre possible votre journal de formation (<a href=\"https:\/\/me.evofitness.ch\/\"><strong>MyEVO<\/strong><\/a>), et pour optimiser nos offres de produits et nos heures d&#8217;ouverture. Dans ce cadre, nous collectons et enregistrons vos donn\u00e9es personnelles, ainsi que l&#8217;heure et la date auxquelles vous avez enregistr\u00e9 votre badge d\u2019acc\u00e8s dans nos clubs.<\/li>\n\n\n\n<li>En tant que membre, vous consentez \u00e0 permettre \u00e0 EVO d&#8217;utiliser les canaux de communication \u00e9lectroniques pour traiter des sujets d&#8217;int\u00e9r\u00eat pertinents \u00e0 la relation client-client, y compris un bulletin et la commercialisation de nouveaux produits et services.<\/li>\n\n\n\n<li>Nous conservons vos renseignements personnels aussi longtemps que vous \u00eates membre EVO et pour une p\u00e9riode de trois (3) mois suivant la r\u00e9siliation de votre adh\u00e9sion. Ceci n&#8217;inclut pas les donn\u00e9es relatives aux statistiques sur les visites au centre, qui sont conserv\u00e9es pendant une p\u00e9riode d&#8217;un (1) an et rendues anonymes par la suite. Les informations requises par la loi pour stocker sont \u00e9galement stock\u00e9es. Afin de pouvoir vous envoyer des conseils et des offres de formation, nous conservons \u00e9galement votre adresse \u00e9lectronique et votre num\u00e9ro de t\u00e9l\u00e9phone dans nos dossiers apr\u00e8s que vous ayez mis fin \u00e0 votre abonnement. Vous pouvez, \u00e0 tout moment, demander \u00e0 \u00eatre supprim\u00e9 de ces listes de communication. En tant que membre, vous avez le droit de consulter et de modifier vos renseignements personnels. Vous pouvez, \u00e0 tout moment, r\u00e9voquer votre consentement, puisqu&#8217;il est volontaire de fournir des renseignements personnels, \u00e0 moins que ces renseignements ne puissent ou ne doivent \u00eatre stock\u00e9s en vertu d&#8217;une exigence l\u00e9gale (comme les renseignements n\u00e9cessaires pour administrer la relation client). Le responsable du traitement des donn\u00e9es personnelles est Lifestyle Concept LLC. Toutes les communications sont adress\u00e9es \u00e0 <a href=\"mailto:s.meyzis@itdsb.de\">s.meyzis@itdsb.de<\/a>.<\/li>\n\n\n\n<li>La divulgation de renseignements personnels \u00e0 des tiers ne se fera pas sans votre consentement. Toutefois, elle sera effectu\u00e9e dans le cadre d&#8217;activit\u00e9s administratives telles que l&#8217;envoi d&#8217;informations par EVO, la collecte des paiements et la comptabilit\u00e9. Pour en savoir plus sur le traitement des donn\u00e9es personnelles par EVO, cliquez ici : <a href=\"https:\/\/evofitness.ch\/fr\/politique-de-confidentialite\/\"><strong>Politique de Confidentialit\u00e9<\/strong><\/a>.<\/li>\n<\/ol>\n\n\n\n<h3 class=\"wp-block-heading\">LES DROITS D&#8217;EVO<\/h3>\n\n\n\n<ol start=\"40\" class=\"wp-block-list\">\n<li>EVO peut, sans pr\u00e9avis, r\u00e9guler les prix en fonction de l&#8217;\u00e9volution des KPI, jusqu&#8217;\u00e0 un maximum de 3% par an. D&#8217;autres changements de prix n\u00e9cessitent un pr\u00e9avis de 30 jours par courriel ou par message texte.<\/li>\n\n\n\n<li>Les centres EVO s&#8217;engagent \u00e0 maintenir en tout temps un haut niveau de qualit\u00e9, afin que vous puissiez vous entra\u00eener dans les meilleures conditions possibles. Afin d&#8217;effectuer l&#8217;entretien n\u00e9cessaire, EVO se r\u00e9serve le droit, \u00e0 tout moment, de fermer ses centres jusqu&#8217;\u00e0 trois (3) jours par ann\u00e9e civile.<\/li>\n\n\n\n<li>EVO se r\u00e9serve le droit de modifier les conditions d&#8217;adh\u00e9sion. Avant qu&#8217;elles n&#8217;entrent en vigueur, EVO informera les membres de tout changement important ou ayant une incidence n\u00e9gative sur eux.<\/li>\n<\/ol>\n\n\n\n<p>*7 : Si vous \u00eates devenu membre avant le 01.10.2019, apr\u00e8s annulation, votre adh\u00e9sion restera active jusqu&#8217;\u00e0 la fin du mois en cours.<\/p>\n\n\n\n<p>*13 : Si votre abonnement avec engagement de 12 mois a commenc\u00e9 avant le 01.10.2019, vous pouvez annuler votre adh\u00e9sion d&#8217;engagement de 12 mois sur <a href=\"https:\/\/me.evofitness.ch\/\"><strong>MyEVO<\/strong><\/a> pendant le 12\u00e8me mois de votre adh\u00e9sion. Une fois r\u00e9sili\u00e9, l&#8217;abonnement sera actif jusqu&#8217;\u00e0 la fin du 12e mois. Si elle n&#8217;est pas annul\u00e9e \u00e0 temps, l&#8217;adh\u00e9sion est automatiquement prolong\u00e9e de 12 mois. Il peut ensuite \u00eatre annul\u00e9 au cours de l&#8217;avant-dernier mois de votre p\u00e9riode d&#8217;abonnement prolong\u00e9e. Remarque, le premier mois de votre abonnement correspond au premier mois complet calendaire de votre adh\u00e9sion.<\/p>\n\n\n\n<p>*14 : Si votre abonnement avec engagement de 12 mois a commenc\u00e9 entre le 01.10.2019 et le 07.02.2024, vous pouvez r\u00e9silier votre abonnement d\u2019engagement de 12 mois sur MyEVO jusqu\u2019\u00e0 la fin du 9e mois de votre abonnement. Une fois annul\u00e9e, l\u2019adh\u00e9sion sera active jusqu\u2019\u00e0 la fin du 12e mois. Si l\u2019abonnement n\u2019est pas annul\u00e9 \u00e0 temps, il est automatiquement prolong\u00e9 d\u2019une p\u00e9riode de 12 mois. Il peut alors \u00eatre annul\u00e9 jusqu\u2019au 9e mois de votre p\u00e9riode d\u2019abonnement prolong\u00e9e. Veuillez noter que le 1er mois de votre adh\u00e9sion est le 1er mois civil complet de votre adh\u00e9sion.<\/p>\n<\/div>\n","protected":false},"excerpt":{"rendered":"<p>Conditions g\u00e9n\u00e9rales d\u2019adh\u00e9sion Conditions g\u00e9n\u00e9rales d\u2019adh\u00e9sion, 02.09.2024 INTRODUCTION DU CONTRAT ABONNEMENT SANS ENGAGEMENT ABONNEMENT AVEC ENGAGEMENT DE 12 MOIS ESSAI&#8230;<\/p>\n","protected":false},"author":1,"featured_media":0,"parent":0,"menu_order":0,"comment_status":"closed","ping_status":"closed","template":"","meta":{"_acf_changed":false,"_seopress_robots_primary_cat":"","_seopress_titles_title":"Conditions g\u00e9n\u00e9rales d\u2019adh\u00e9sion | EVO Fitness","_seopress_titles_desc":"Lis nos conditions g\u00e9n\u00e9rales d\u2019adh\u00e9sion.","_seopress_robots_index":"yes","footnotes":""},"class_list":["post-55765","page","type-page","status-publish","format-standard","hentry"],"acf":[],"_links":{"self":[{"href":"https:\/\/evofitness.ch\/fr\/wp-json\/wp\/v2\/pages\/55765","targetHints":{"allow":["GET"]}}],"collection":[{"href":"https:\/\/evofitness.ch\/fr\/wp-json\/wp\/v2\/pages"}],"about":[{"href":"https:\/\/evofitness.ch\/fr\/wp-json\/wp\/v2\/types\/page"}],"author":[{"embeddable":true,"href":"https:\/\/evofitness.ch\/fr\/wp-json\/wp\/v2\/users\/1"}],"replies":[{"embeddable":true,"href":"https:\/\/evofitness.ch\/fr\/wp-json\/wp\/v2\/comments?post=55765"}],"version-history":[{"count":5,"href":"https:\/\/evofitness.ch\/fr\/wp-json\/wp\/v2\/pages\/55765\/revisions"}],"predecessor-version":[{"id":114372,"href":"https:\/\/evofitness.ch\/fr\/wp-json\/wp\/v2\/pages\/55765\/revisions\/114372"}],"wp:attachment":[{"href":"https:\/\/evofitness.ch\/fr\/wp-json\/wp\/v2\/media?parent=55765"}],"curies":[{"name":"wp","href":"https:\/\/api.w.org\/{rel}","templated":true}]}}