{"id":55732,"date":"2025-04-05T19:39:35","date_gmt":"2025-04-05T17:39:35","guid":{"rendered":"https:\/\/evofitness.ch\/mentions-legales\/"},"modified":"2025-09-30T09:52:38","modified_gmt":"2025-09-30T07:52:38","slug":"mentions-legales","status":"publish","type":"page","link":"https:\/\/evofitness.ch\/fr\/mentions-legales\/","title":{"rendered":"Mentions l\u00e9gales"},"content":{"rendered":"\n<div class=\"wp-block-group background-blob background-blob--primary background-blob--bottom-right has-global-padding is-layout-constrained wp-block-group-is-layout-constrained\">\n<h1 class=\"wp-block-heading\">Mentions l\u00e9gales<\/h1>\n\n\n\n<div style=\"height:40px\" aria-hidden=\"true\" class=\"wp-block-spacer\"><\/div>\n<\/div>\n\n\n\n<div class=\"wp-block-group has-global-padding is-layout-constrained wp-block-group-is-layout-constrained\">\n<p><strong>Informations selon l&#8217;art. 3 al. 1 lit. s UWG :  <\/strong><\/p>\n\n\n\n<p><strong>Lifestyle Concept SARL<\/strong><br>Seestrasse 97<br>CH-8942 Oberrieden, Switzerland<\/p>\n\n\n\n<p><strong>E-Mail:<\/strong> support@evofitness.ch<\/p>\n\n\n\n<p><strong> Conseil d&#8217;administration:<\/strong> Elad Hasfari<\/p>\n\n\n\n<p><strong>Num\u00e9ro d&#8217;entreprise:<\/strong> CHE-134.542.771<\/p>\n\n\n\n<p><strong> Num\u00e9ro de TVA (MWST-Nr.):<\/strong> CHE-134.542.771 MWST<\/p>\n\n\n\n<p><strong>Inscription au registre du commerce:<\/strong><br>Inscrit au registre du commerce du canton de Zurich<br>Num\u00e9ro d&#8217;inscription au registre du commerce : CHE-134.542.771<\/p>\n\n\n\n<p><strong>Droits d&#8217;auteur:<\/strong><\/p>\n\n\n\n<p>Tous les contenus, textes, images et graphiques de ce site sont prot\u00e9g\u00e9s par des droits d&#8217;auteur. L&#8217;utilisation de ces contenus n&#8217;est autoris\u00e9e qu&#8217;avec le consentement expr\u00e8s de Lifestyle Concept SARL.<\/p>\n<\/div>\n","protected":false},"excerpt":{"rendered":"<p>Mentions l\u00e9gales Informations selon l&#8217;art. 3 al. 1 lit. s UWG : Lifestyle Concept SARLSeestrasse 97CH-8942 Oberrieden, Switzerland E-Mail: support@evofitness.ch&#8230;<\/p>\n","protected":false},"author":1,"featured_media":0,"parent":0,"menu_order":0,"comment_status":"closed","ping_status":"closed","template":"","meta":{"_acf_changed":false,"_seopress_robots_primary_cat":"","_seopress_titles_title":"Mentions l\u00e9gales | EVO Fitness","_seopress_titles_desc":"Mentions l\u00e9gales EVO Fitness Suisse","_seopress_robots_index":"","footnotes":""},"class_list":["post-55732","page","type-page","status-publish","format-standard","hentry"],"acf":[],"_links":{"self":[{"href":"https:\/\/evofitness.ch\/fr\/wp-json\/wp\/v2\/pages\/55732","targetHints":{"allow":["GET"]}}],"collection":[{"href":"https:\/\/evofitness.ch\/fr\/wp-json\/wp\/v2\/pages"}],"about":[{"href":"https:\/\/evofitness.ch\/fr\/wp-json\/wp\/v2\/types\/page"}],"author":[{"embeddable":true,"href":"https:\/\/evofitness.ch\/fr\/wp-json\/wp\/v2\/users\/1"}],"replies":[{"embeddable":true,"href":"https:\/\/evofitness.ch\/fr\/wp-json\/wp\/v2\/comments?post=55732"}],"version-history":[{"count":3,"href":"https:\/\/evofitness.ch\/fr\/wp-json\/wp\/v2\/pages\/55732\/revisions"}],"predecessor-version":[{"id":113932,"href":"https:\/\/evofitness.ch\/fr\/wp-json\/wp\/v2\/pages\/55732\/revisions\/113932"}],"wp:attachment":[{"href":"https:\/\/evofitness.ch\/fr\/wp-json\/wp\/v2\/media?parent=55732"}],"curies":[{"name":"wp","href":"https:\/\/api.w.org\/{rel}","templated":true}]}}