{"id":55727,"date":"2025-05-12T01:07:36","date_gmt":"2025-05-11T23:07:36","guid":{"rendered":"https:\/\/evofitness.ch\/heures-de-presence-staff-surveillance-media-videosurveillance\/"},"modified":"2025-05-16T16:40:27","modified_gmt":"2025-05-16T14:40:27","slug":"surveillance-du-club","status":"publish","type":"page","link":"https:\/\/evofitness.ch\/fr\/surveillance-du-club\/","title":{"rendered":"Heures de pr\u00e9sence staff, surveillance m\u00e9dia, vid\u00e9osurveillance"},"content":{"rendered":"","protected":false},"excerpt":{"rendered":"","protected":false},"author":1,"featured_media":0,"parent":0,"menu_order":0,"comment_status":"closed","ping_status":"closed","template":"","meta":{"_acf_changed":false,"_seopress_robots_primary_cat":"","_seopress_titles_title":"Heures de pr\u00e9sence staff, surveillance m\u00e9dia, vid\u00e9osurveillance | EVO Fitness","_seopress_titles_desc":"Chez EVO, ton entra\u00eenement est s\u00e9curis\u00e9 gr\u00e2ce aux heures de pr\u00e9sence staff et \u00e0 une vid\u00e9osurveillance 24h\/24.","_seopress_robots_index":"","footnotes":""},"class_list":["post-55727","page","type-page","status-publish","format-standard","hentry"],"acf":[],"_links":{"self":[{"href":"https:\/\/evofitness.ch\/fr\/wp-json\/wp\/v2\/pages\/55727","targetHints":{"allow":["GET"]}}],"collection":[{"href":"https:\/\/evofitness.ch\/fr\/wp-json\/wp\/v2\/pages"}],"about":[{"href":"https:\/\/evofitness.ch\/fr\/wp-json\/wp\/v2\/types\/page"}],"author":[{"embeddable":true,"href":"https:\/\/evofitness.ch\/fr\/wp-json\/wp\/v2\/users\/1"}],"replies":[{"embeddable":true,"href":"https:\/\/evofitness.ch\/fr\/wp-json\/wp\/v2\/comments?post=55727"}],"version-history":[{"count":1,"href":"https:\/\/evofitness.ch\/fr\/wp-json\/wp\/v2\/pages\/55727\/revisions"}],"predecessor-version":[{"id":56200,"href":"https:\/\/evofitness.ch\/fr\/wp-json\/wp\/v2\/pages\/55727\/revisions\/56200"}],"wp:attachment":[{"href":"https:\/\/evofitness.ch\/fr\/wp-json\/wp\/v2\/media?parent=55727"}],"curies":[{"name":"wp","href":"https:\/\/api.w.org\/{rel}","templated":true}]}}