{"id":55723,"date":"2025-04-15T04:03:09","date_gmt":"2025-04-15T02:03:09","guid":{"rendered":"https:\/\/evofitness.ch\/seances-dintroduction\/"},"modified":"2025-04-15T04:03:09","modified_gmt":"2025-04-15T02:03:09","slug":"seances-dintroduction","status":"publish","type":"page","link":"https:\/\/evofitness.ch\/fr\/seances-dintroduction\/","title":{"rendered":"Seances Dintroduction"},"content":{"rendered":"","protected":false},"excerpt":{"rendered":"","protected":false},"author":1,"featured_media":0,"parent":0,"menu_order":0,"comment_status":"closed","ping_status":"closed","template":"","meta":{"_acf_changed":false,"_seopress_robots_primary_cat":"","_seopress_titles_title":"S\u00e9ances d\u2019introduction pour les nouveaux membres | EVO Fitness","_seopress_titles_desc":"Les nouveaux membres EVO sont invit\u00e9s \u00e0 une s\u00e9ance gratuite pour recevoir leur badge, visiter le club et d\u00e9couvrir l\u2019\u00e9quipement ainsi que les r\u00e8gles \u00e0 respecter.","_seopress_robots_index":"","_seopress_analysis_target_kw":"","footnotes":""},"class_list":["post-55723","page","type-page","status-publish","format-standard","hentry"],"acf":[],"_links":{"self":[{"href":"https:\/\/evofitness.ch\/fr\/wp-json\/wp\/v2\/pages\/55723","targetHints":{"allow":["GET"]}}],"collection":[{"href":"https:\/\/evofitness.ch\/fr\/wp-json\/wp\/v2\/pages"}],"about":[{"href":"https:\/\/evofitness.ch\/fr\/wp-json\/wp\/v2\/types\/page"}],"author":[{"embeddable":true,"href":"https:\/\/evofitness.ch\/fr\/wp-json\/wp\/v2\/users\/1"}],"replies":[{"embeddable":true,"href":"https:\/\/evofitness.ch\/fr\/wp-json\/wp\/v2\/comments?post=55723"}],"version-history":[{"count":0,"href":"https:\/\/evofitness.ch\/fr\/wp-json\/wp\/v2\/pages\/55723\/revisions"}],"wp:attachment":[{"href":"https:\/\/evofitness.ch\/fr\/wp-json\/wp\/v2\/media?parent=55723"}],"curies":[{"name":"wp","href":"https:\/\/api.w.org\/{rel}","templated":true}]}}