{"id":55714,"date":"2025-03-01T21:04:46","date_gmt":"2025-03-01T20:04:46","guid":{"rendered":"https:\/\/evofitness.ch\/questions-frequentes\/"},"modified":"2025-05-19T16:30:58","modified_gmt":"2025-05-19T14:30:58","slug":"questions-frequentes","status":"publish","type":"page","link":"https:\/\/evofitness.ch\/fr\/questions-frequentes\/","title":{"rendered":"Questions fr\u00e9quentes"},"content":{"rendered":"","protected":false},"excerpt":{"rendered":"","protected":false},"author":1,"featured_media":0,"parent":0,"menu_order":0,"comment_status":"closed","ping_status":"closed","template":"","meta":{"_acf_changed":false,"_seopress_robots_primary_cat":"","_seopress_titles_title":"Questions fr\u00e9quentes | EVO Fitness","_seopress_titles_desc":"Trouve les r\u00e9ponses \u00e0 toutes tes questions sur EVO Fitness. Des abonnements aux options d'entra\u00eenement, notre FAQ couvre tout ce que tu dois savoir. ","_seopress_robots_index":"","footnotes":""},"class_list":["post-55714","page","type-page","status-publish","format-standard","hentry"],"acf":[],"_links":{"self":[{"href":"https:\/\/evofitness.ch\/fr\/wp-json\/wp\/v2\/pages\/55714","targetHints":{"allow":["GET"]}}],"collection":[{"href":"https:\/\/evofitness.ch\/fr\/wp-json\/wp\/v2\/pages"}],"about":[{"href":"https:\/\/evofitness.ch\/fr\/wp-json\/wp\/v2\/types\/page"}],"author":[{"embeddable":true,"href":"https:\/\/evofitness.ch\/fr\/wp-json\/wp\/v2\/users\/1"}],"replies":[{"embeddable":true,"href":"https:\/\/evofitness.ch\/fr\/wp-json\/wp\/v2\/comments?post=55714"}],"version-history":[{"count":1,"href":"https:\/\/evofitness.ch\/fr\/wp-json\/wp\/v2\/pages\/55714\/revisions"}],"predecessor-version":[{"id":56197,"href":"https:\/\/evofitness.ch\/fr\/wp-json\/wp\/v2\/pages\/55714\/revisions\/56197"}],"wp:attachment":[{"href":"https:\/\/evofitness.ch\/fr\/wp-json\/wp\/v2\/media?parent=55714"}],"curies":[{"name":"wp","href":"https:\/\/api.w.org\/{rel}","templated":true}]}}