{"id":55705,"date":"2025-03-01T21:02:02","date_gmt":"2025-03-01T20:02:02","guid":{"rendered":"https:\/\/evofitness.ch\/personal-training\/"},"modified":"2025-05-19T01:15:35","modified_gmt":"2025-05-18T23:15:35","slug":"personal-training","status":"publish","type":"page","link":"https:\/\/evofitness.ch\/fr\/personal-training\/","title":{"rendered":"Personal training"},"content":{"rendered":"","protected":false},"excerpt":{"rendered":"","protected":false},"author":1,"featured_media":55706,"parent":0,"menu_order":0,"comment_status":"closed","ping_status":"closed","template":"","meta":{"_acf_changed":false,"_seopress_robots_primary_cat":"","_seopress_titles_title":"Personal Training chez EVO | EVO Fitness","_seopress_titles_desc":"Lib\u00e8re ton potentiel avec l\u2019aide d\u2019un partenaire de personal training externe. B\u00e9n\u00e9ficie de conseils, de s\u00e9ances personnalis\u00e9es et d\u2019un suivi de tes progr\u00e8s. ","_seopress_robots_index":"","footnotes":""},"class_list":["post-55705","page","type-page","status-publish","format-standard","has-post-thumbnail","hentry"],"acf":[],"_links":{"self":[{"href":"https:\/\/evofitness.ch\/fr\/wp-json\/wp\/v2\/pages\/55705","targetHints":{"allow":["GET"]}}],"collection":[{"href":"https:\/\/evofitness.ch\/fr\/wp-json\/wp\/v2\/pages"}],"about":[{"href":"https:\/\/evofitness.ch\/fr\/wp-json\/wp\/v2\/types\/page"}],"author":[{"embeddable":true,"href":"https:\/\/evofitness.ch\/fr\/wp-json\/wp\/v2\/users\/1"}],"replies":[{"embeddable":true,"href":"https:\/\/evofitness.ch\/fr\/wp-json\/wp\/v2\/comments?post=55705"}],"version-history":[{"count":1,"href":"https:\/\/evofitness.ch\/fr\/wp-json\/wp\/v2\/pages\/55705\/revisions"}],"predecessor-version":[{"id":56350,"href":"https:\/\/evofitness.ch\/fr\/wp-json\/wp\/v2\/pages\/55705\/revisions\/56350"}],"wp:featuredmedia":[{"embeddable":true,"href":"https:\/\/evofitness.ch\/fr\/wp-json\/wp\/v2\/media\/55706"}],"wp:attachment":[{"href":"https:\/\/evofitness.ch\/fr\/wp-json\/wp\/v2\/media?parent=55705"}],"curies":[{"name":"wp","href":"https:\/\/api.w.org\/{rel}","templated":true}]}}