{"id":55671,"date":"2025-05-12T01:49:36","date_gmt":"2025-05-11T23:49:36","guid":{"rendered":"https:\/\/evofitness.ch\/1-day-trial-welcome\/"},"modified":"2025-11-28T19:13:45","modified_gmt":"2025-11-28T18:13:45","slug":"bienvenue","status":"publish","type":"page","link":"https:\/\/evofitness.ch\/fr\/bienvenue\/","title":{"rendered":"Essai d&#8217;un jour &#8211; Bienvenue"},"content":{"rendered":"\n<div style=\"height:60px\" aria-hidden=\"true\" class=\"wp-block-spacer\"><\/div>\n\n\n\n<div class=\"wp-block-group center--all background-blob background-blob--primary background-blob--top-right width--full has-global-padding is-layout-constrained wp-block-group-is-layout-constrained\">\n<h2 class=\"wp-block-heading\">Tu es inscrit(e) \u00e0 ton essai <br>gratuit \u2013 bienvenue chez EVO !<\/h2>\n\n\n\n<p>Nous t\u2019avons envoy\u00e9 toutes les infos par e-mail. <br>Tu ne vois rien dans ta bo\u00eete de r\u00e9ception ? Pense \u00e0 v\u00e9rifier ton dossier spam. <\/p>\n<\/div>\n\n\n\n<div style=\"height:60px\" aria-hidden=\"true\" class=\"wp-block-spacer\"><\/div>\n\n\n\n<p><\/p>\n","protected":false},"excerpt":{"rendered":"<p>Tu es inscrit(e) \u00e0 ton essai gratuit \u2013 bienvenue chez EVO ! Nous t\u2019avons envoy\u00e9 toutes les infos par e-mail&#8230;.<\/p>\n","protected":false},"author":1,"featured_media":0,"parent":0,"menu_order":0,"comment_status":"closed","ping_status":"closed","template":"","meta":{"_acf_changed":false,"_seopress_robots_primary_cat":"","_seopress_titles_title":"EVO FitnessYour registration for the free trial was successful","_seopress_titles_desc":"Tu es inscrit(e) \u00e0 ton essai gratuit \u2013 bienvenue chez EVO !","_seopress_robots_index":"","footnotes":""},"class_list":["post-55671","page","type-page","status-publish","format-standard","hentry"],"acf":[],"_links":{"self":[{"href":"https:\/\/evofitness.ch\/fr\/wp-json\/wp\/v2\/pages\/55671","targetHints":{"allow":["GET"]}}],"collection":[{"href":"https:\/\/evofitness.ch\/fr\/wp-json\/wp\/v2\/pages"}],"about":[{"href":"https:\/\/evofitness.ch\/fr\/wp-json\/wp\/v2\/types\/page"}],"author":[{"embeddable":true,"href":"https:\/\/evofitness.ch\/fr\/wp-json\/wp\/v2\/users\/1"}],"replies":[{"embeddable":true,"href":"https:\/\/evofitness.ch\/fr\/wp-json\/wp\/v2\/comments?post=55671"}],"version-history":[{"count":3,"href":"https:\/\/evofitness.ch\/fr\/wp-json\/wp\/v2\/pages\/55671\/revisions"}],"predecessor-version":[{"id":114440,"href":"https:\/\/evofitness.ch\/fr\/wp-json\/wp\/v2\/pages\/55671\/revisions\/114440"}],"wp:attachment":[{"href":"https:\/\/evofitness.ch\/fr\/wp-json\/wp\/v2\/media?parent=55671"}],"curies":[{"name":"wp","href":"https:\/\/api.w.org\/{rel}","templated":true}]}}