{"id":55760,"date":"2025-03-16T22:47:17","date_gmt":"2025-03-16T21:47:17","guid":{"rendered":"https:\/\/evofitness.ch\/?page_id=55760"},"modified":"2025-11-25T13:39:56","modified_gmt":"2025-11-25T12:39:56","slug":"mitgliedschaftsbedingungen","status":"publish","type":"page","link":"https:\/\/evofitness.ch\/de\/mitgliedschaftsbedingungen\/","title":{"rendered":"mitgliedschaftsbedingungen"},"content":{"rendered":"\n<div class=\"wp-block-group background-blob background-blob--primary background-blob--bottom-right has-global-padding is-layout-constrained wp-block-group-is-layout-constrained\">\n<h1 class=\"wp-block-heading\">Allgemeine <strong>Mitgliedschaftsbedingungen<\/strong><\/h1>\n\n\n\n<div style=\"height:40px\" aria-hidden=\"true\" class=\"wp-block-spacer\"><\/div>\n<\/div>\n\n\n\n<div class=\"wp-block-group has-global-padding is-layout-constrained wp-block-group-is-layout-constrained\">\n<p>ALLGEMEINE MITGLIEDSCHAFTSBEDINGUNGEN VON EVO, 02.09.2024<\/p>\n\n\n\n<h2 class=\"wp-block-heading\">EINLEITUNG DES VERTRAGES<\/h2>\n\n\n\n<ol class=\"wp-block-list\">\n<li>Diese grundlegenden Mitgliedschaftsbedingungen sind Teil des Vertrages zwischen der Lifestyle Concept LLC (im Folgenden als \u201eEVO\u201c bezeichnet) und dem Mitglied.<\/li>\n\n\n\n<li>Diese grundlegenden Mitgliedschaftsbedingungen gelten f\u00fcr alle EVO Clubs in der Schweiz.<\/li>\n\n\n\n<li>Das Mindestalter bei EVO betr\u00e4gt 18 Jahre. Auf Verlangen musst du sich ausweisen k\u00f6nnen. Sollte sich herausstellen, dass du j\u00fcnger als 18 Jahre alt bist, wird deine Mitgliedschaft mit sofortiger Wirkung beendet. Weder die Anmeldegeb\u00fchr noch bisher bezahlte Mitgliedsbeitr\u00e4ge werden in dem Fall erstattet. Ausnahmsweise k\u00f6nnen auch 16- und 17-J\u00e4hrige Mitglieder bei EVO werden. Die Mitgliedschaft muss im Beisein eines Erziehungsberechtigten im Club abgeschlossen werden.<\/li>\n<\/ol>\n\n\n\n<h3 class=\"wp-block-heading\">MITGLIEDSCHAFT OHNE LANGZEITBINDUNG<\/h3>\n\n\n\n<ol start=\"4\" class=\"wp-block-list\">\n<li>Zentrales Produkt von EVO sind Mitgliedschaften ohne Langzeitbindung.<\/li>\n\n\n\n<li>Soweit nicht anders angegeben, beginnt die Mitgliedschaft am Tag deiner Anmeldung. Mit der Anmeldung wird dir eine Anmeldegeb\u00fchr und die Monatsgeb\u00fchr f\u00fcr die verbleibenden Tage des laufenden Monats in Rechnung gestellt. In den folgenden Monaten wird die Monatsgeb\u00fchr immer am ersten Tag des Monats abgebucht.<\/li>\n\n\n\n<li>Du kannst deine Mitgliedschaft jederzeit auf <a href=\"https:\/\/me.evofitness.ch\/\"><strong>MyEVO<\/strong><\/a> k\u00fcndigen. Nach der K\u00fcndigung bleibt deine Mitgliedschaft bis zum Ende des Folgemonats aktiv, welcher ebenfalls verrechnet wird. Wenn du deine Mitgliedschaft nicht k\u00fcndigst, l\u00e4uft sie automatisch weiter bis sie gek\u00fcndigt wird.<\/li>\n\n\n\n<li>Sollte dein Vertrag vor dem 01.10.2019 abgeschlossen worden sein, sind die K\u00fcndigungsbedingungen unten mit einem * gekennzeichnet beschrieben.<\/li>\n<\/ol>\n\n\n\n<h3 class=\"wp-block-heading\">12-MONATIGE MITGLIEDSCHAFT<\/h3>\n\n\n\n<ol start=\"8\" class=\"wp-block-list\">\n<li>Ein weiteres Produkt von EVO ist die 12-monatige Mitgliedschaft.<\/li>\n\n\n\n<li>Soweit nicht anders angegeben, beginnt die Mitgliedschaft am Tag deiner Anmeldung. Mit der Anmeldung wird dir eine Anmeldegeb\u00fchr und die Monatsgeb\u00fchr f\u00fcr die verbleibenden Tage des laufenden Monats in Rechnung gestellt. In den folgenden Monaten wird die Monatsgeb\u00fchr immer am ersten Tag des Monats abgebucht.<\/li>\n\n\n\n<li>Du kannst deine 12-monatige Mitgliedschaft bis zum Ende des 9. Monats auf <a href=\"https:\/\/me.evofitness.ch\/\"><strong>MyEVO<\/strong><\/a> k\u00fcndigen. Nach der K\u00fcndigung bleibt deine Mitgliedschaft bis zum Ende des 12. Monats aktiv. Nach dem 9. Monat ist deine Mitgliedschaft, mit einer Frist von 3 Monaten, monatlich k\u00fcndbar. Bitte beachte, dass mit dem 1. Monat der Mitgliedschaft, der erste volle Kalendermonat gemeint ist.<\/li>\n\n\n\n<li>Wenn du deine 12-monatige Mitgliedschaft nicht gem\u00e4ss den oben beschriebenen Regeln k\u00fcndigst, werden dir die verbliebenen Monate des Verpflichtungszeitraums in Rechnung gestellt.<\/li>\n\n\n\n<li>Die 12-monatige Mitgliedschaft kann nur in folgenden Ausnahmef\u00e4llen vor Ablauf der Bindungsfrist beendet werden, z. B.:\n<ul start=\"8\" class=\"wp-block-list\">\n<li>Du ziehst in ein anderes Land.<\/li>\n\n\n\n<li>Du ziehst in ein anderes Gebiet innerhalb der Schweiz, in dem es keine EVO Fitness Clubs gibt.<br>F\u00fcr jeden der oben genannten F\u00e4lle m\u00fcsstest du ein offizielles Dokument vorlegen, welches dies belegt. Wenn die entsprechenden Dokumente vorgelegt wurden und g\u00fcltig sind, endet deine Mitgliedschaft auf das Ende des Folgemonats. F\u00fcr den Zeitraum deiner aktuellen 12-monatigen Verpflichtungsperiode bis zum Ende deiner Mitgliedschaft gelten, dann die Standardbedingungen f\u00fcr die Mitgliedschaft ohne Vertragsbindung. Die Differenz der vergangenen monatlichen Geb\u00fchren w\u00fcrde dir dann nachtr\u00e4glich in Rechnung gestellt werden.<\/li>\n<\/ul>\n<\/li>\n\n\n\n<li>Wenn deine 12-monatige Mitgliedschaft vor dem 01.10.2019 angefangen hat, sind die K\u00fcndigungsbedingungen unten mit einem * gekennzeichnet beschrieben.<\/li>\n\n\n\n<li>Wenn deine 12-monatige Mitgliedschaft zwischen dem 01.10.2019 und 07.02.2024 angefangen hat, sind die K\u00fcndigungsbedingungen unten mit einem * gekennzeichnet beschrieben.<\/li>\n<\/ol>\n\n\n\n<h3 class=\"wp-block-heading\">GRATIS PROBETRAINING<\/h3>\n\n\n\n<ol start=\"15\" class=\"wp-block-list\">\n<li>Die Probezeit beginnt mit dem Absenden des Registrierungsformulars.<\/li>\n\n\n\n<li>Nach dem Absenden des Registrierungsformulars erh\u00e4ltst du eine SMS mit einem Zugangscode, womit du unseren EVO Club betreten kannst.<\/li>\n\n\n\n<li>Du darfst dich nur einmal f\u00fcr ein kostenloses Probetraining registrieren.<\/li>\n\n\n\n<li>EVO bietet zwei verschiedene Arten von Probetraining an:\n<ul class=\"wp-block-list\">\n<li>1-Tag Probetraining\n<ul class=\"wp-block-list\">\n<li>Du darfst unseren EVO Club einmal in einem Zeitraum von 7 Tagen besuchen.<\/li>\n<\/ul>\n<\/li>\n\n\n\n<li>Probetraining f\u00fcr mehrere Tage\n<ul class=\"wp-block-list\">\n<li>Du darfst unseren EVO Club innerhalb des in der Registrierung angegebenen Zeitraums, so oft besuchen wie du m\u00f6chtest.<\/li>\n\n\n\n<li>Falls du nicht das gratis Probetraining in <a href=\"https:\/\/me.evofitness.ch\/\"><strong>MyEVO<\/strong><\/a> k\u00fcndigst, wirst du automatisch zum ersten Tag nach der Testphase ein aktives EVO Mitglied.<\/li>\n<\/ul>\n<\/li>\n<\/ul>\n<\/li>\n<\/ol>\n\n\n\n<h3 class=\"wp-block-heading\">ZUTRITT<\/h3>\n\n\n\n<ol start=\"19\" class=\"wp-block-list\">\n<li>Du musst deinen pers\u00f6nlichen Zugangs-Chip im Club stets bei dir haben. Nur so erlangst du Zutritt zum Club. Du kannst den Chip w\u00e4hrend einer unserer Einf\u00fchrungsstunden erhalten. Bitte hole den den Chip ab, bevor dein tempor\u00e4rer Zugangs-Code abl\u00e4uft (erfahre mehr auf <a href=\"https:\/\/me.evofitness.ch\/\"><strong>MyEVO<\/strong><\/a>).<\/li>\n\n\n\n<li>Als Mitglied bei EVO kannst du in deinem Haupt-Club trainieren und in all unseren Clubs innerhalb der Schweiz, in denen wir noch nicht die maximale Auslastung \u00fcberschritten haben. Eine \u00dcbersicht der dir zur Verf\u00fcgung stehenden Studios findest du unter <a href=\"https:\/\/me.evofitness.ch\/\"><strong>MyEVO<\/strong><\/a> unter dem Men\u00fcpunkt \u201eMeine Mitgliedschaft\u201c &gt;&gt; \u201eHauptclub\u201c.<\/li>\n\n\n\n<li>Die Mitgliedschaft bei EVO ist pers\u00f6nlich und andere d\u00fcrfen deinen Zugangschip nicht nutzen. Dementsprechend darf dein Chip\/Armband nicht an andere verliehen oder \u00fcbertragen werden. Sollten zwei Personen mit demselben Chip den Club betreten oder verlassen, wird eine am Eingang installierte Videokamera gepr\u00fcft und der Sicherheitsdienst benachrichtigt. In dem Fall kann die Mitgliedschaft ohne Vorank\u00fcndigung beendet werden, ohne dass die Anmeldegeb\u00fchr oder bisher bezahlte Mitgliedsbeitr\u00e4ge erstattet werden.<\/li>\n<\/ol>\n\n\n\n<h3 class=\"wp-block-heading\">VERWALTUNG DER MITGLIEDSCHAFT<\/h3>\n\n\n\n<ol start=\"22\" class=\"wp-block-list\">\n<li>Als Mitglied bei EVO verwaltest du deine Mitgliedschaft selbst online unter <a href=\"https:\/\/me.evofitness.ch\/\"><strong>MyEVO<\/strong><\/a>. Das bedeutet, dass du dich einloggen musst, wenn du pers\u00f6nliche Angaben, deinen Haupt-Club, oder Zahlungsdaten \u00e4ndern willst, deine Mitgliedschaft pausieren oder k\u00fcndigen m\u00f6chtest etc. Mitteilungen per Post oder E-Mail sind unwirksam. Bei der K\u00fcndigung deiner Mitgliedschaft erh\u00e4ltst du eine Best\u00e4tigung der K\u00fcndigung per E-Mail.<\/li>\n\n\n\n<li>Du kannst deine Mitgliedschaft f\u00fcr bis zu 3 Monate pro Kalenderjahr pausieren. Die Pause kostet CHF 20.- pro Monat und muss im Monat vor Beginn der gew\u00fcnschten Pause eingestellt werden. Beachte, dass eine Mitgliedschaft w\u00e4hrend einer Pausierung nicht gek\u00fcndigt werden kann. Wenn du eine 12-monatige Mitgliedschaft pausierst, verl\u00e4ngert sich die Bindungszeit der Mitgliedschaft um die Anzahl der pausierten Monate.<\/li>\n\n\n\n<li>Du musst deine Mitgliedschaftsdaten stets auf dem aktuellen Stand halten. Dies erfolgt \u00fcber <a href=\"https:\/\/me.evofitness.ch\/\"><strong>MyEVO<\/strong><\/a>. EVO haftet nicht f\u00fcr Fehler der von dir eingegebenen Mitgliedsangaben.<\/li>\n\n\n\n<li>Jeglicher Kontakt im Hinblick auf deine Mitgliedschaft muss via \u201eKontaktiere uns\u201c \u00fcber <a href=\"https:\/\/me.evofitness.ch\/\"><strong>MyEVO<\/strong><\/a> gerichtet werden. Als Mitglied hast du hierzu Zugang.<\/li>\n<\/ol>\n\n\n\n<h3 class=\"wp-block-heading\">BEZAHLUNG<\/h3>\n\n\n\n<ol start=\"26\" class=\"wp-block-list\">\n<li>&nbsp;Als Mitglied bei EVO erkl\u00e4rst du dich damit einverstanden, dass deine Kreditkarte\/Debitkarte jeweils am ersten Tag eines Monats mit der Monatsgeb\u00fchr belastet wird. Du tr\u00e4gst die Verantwortung daf\u00fcr, dass deine Zahlungsdaten jederzeit aktuell sind. Beispielsweise musst du sicherstellen, dass deine Kreditkarte\/Debitkarte jederzeit g\u00fcltig ist. Du kannst deine Zahlungsdaten unter <a href=\"https:\/\/me.evofitness.ch\/\"><strong>MyEVO<\/strong><\/a> \u00e4ndern.<\/li>\n\n\n\n<li>Rechnungsnachweise f\u00fcr bezahlte Mitgliedsbeitr\u00e4ge stehen dir als PDF-Dateien auf <a href=\"https:\/\/me.evofitness.ch\/login\"><strong>MyEVO<\/strong><\/a> unter der Spalte \u201eZahlungen\u201c zur Verf\u00fcgung.<\/li>\n\n\n\n<li>EVO sendet per E-Mail und SMS Erinnerungen f\u00fcr unbezahlte Mitgliedsbeitr\u00e4ge sowie Warnungen vor der automatischen Beendigung der Mitgliedschaft, wenn die Beitr\u00e4ge nicht fristgerecht beglichen werden.<\/li>\n\n\n\n<li>Wenn du 2 Monate lang keine Mitgliedsbeitr\u00e4ge bezahlt hast, wird EVO deinen Zugang zu unseren EVO-Clubs ab dem Beginn des zweiten Monats, in dem du im R\u00fcckstand bist, deaktivieren. Der Zugang wird innerhalb von 2 Werktagen wieder aktiviert, sobald wir einen Zahlungsnachweis per E-Mail an <a href=\"mailto:support@evofitness.ch\">support@evofitness.ch<\/a> erhalten haben.<\/li>\n\n\n\n<li>Nach 2 Monaten nicht beglichener Mitgliedsbeitr\u00e4ge wird der ausstehende Betrag an ein Inkassob\u00fcro \u00fcbergeben.<\/li>\n\n\n\n<li>Wenn deine EVO-Mitgliedschaft aufgrund offener Schulden gek\u00fcndigt wird und du vermeiden m\u00f6chtest, dass die Schulden an ein Inkassob\u00fcro weitergeleitet werden, kannst du den ausstehenden Betrag per Bank\u00fcberweisung begleichen. EVO berechnet daf\u00fcr eine Bearbeitungsgeb\u00fchr von 40,-CHF. Um dies zu veranlassen, musst du EVO sp\u00e4testens bis zum 5. Tag des Monats nach der K\u00fcndigung deiner Mitgliedschaft per E-Mail an <a href=\"mailto:support@evofitness.ch\">support@evofitness.ch<\/a> kontaktieren.&#8221; EVO wird dir dann eine Rechnung f\u00fcr die ausstehenden Beitr\u00e4ge und die Bearbeitungsgeb\u00fchr ausstellen. Die offene Rechnung muss bis zum 8. Tag des Monats beglichen werden. Der Zahlungsnachweis ist ebenfalls bis zum 8. Tag des Monats per E-Mail an <a href=\"mailto:support@evofitness.ch\">support@evofitness.ch<\/a> zu senden. Sp\u00e4tere Zahlungen werden nicht akzeptiert.<\/li>\n<\/ol>\n\n\n\n<h3 class=\"wp-block-heading\">SICHERHEIT UND VERHALTENSREGELN<\/h3>\n\n\n\n<ol start=\"28\" class=\"wp-block-list\">\n<li>Als Mitglied bei EVO solltest du dich mit dem Sicherheitsplan in deines Haupt-Clubs vertraut machen. Du findest diesen im Eingangsbereich des Clubs. Der Sicherheitsplan ist eine Grundrisszeichnung des Clubs mit Informationen \u00fcber Notausg\u00e4nge, Feuerl\u00f6scher, Rufstation, Erste-Hilfe-K\u00e4sten und dar\u00fcber, wie du dich in den verschiedenen m\u00f6glicherweise im Club eintretenden Notf\u00e4llen verhalten solltest.<\/li>\n\n\n\n<li>In den EVO Clubs ist nur teilweise Personal anwesend. Daher kommen Videokameras zum Einsatz, um Vandalismus und andere potentielle Missgeschicke zu verhindern bzw. aufzukl\u00e4ren. Bei Unf\u00e4llen und \u00e4hnlichen Vorkommnissen kann die Video\u00fcberwachung hilfreich f\u00fcr dich sein. Als Mitglied willigst du in dieses Vorgehen ein.<\/li>\n\n\n\n<li>Das Training bei EVO erfolgt auf eigene Verantwortung. Zudem tr\u00e4gst du die volle Verantwortung f\u00fcr pers\u00f6nliche Gegenst\u00e4nde, die du mit in den Club bringst. W\u00e4hrend des Trainings sollten pers\u00f6nliche Gegenst\u00e4nde im Schliessfach aufbewahrt werden. Bitte bringe hierf\u00fcr ein eigenes Vorh\u00e4nge- oder Zahlenkombinationsschloss mit!<\/li>\n\n\n\n<li>Als Mitglied bei EVO verpflichtest du dich, die jeweils geltenden Verhaltensregeln jederzeit einzuhalten. Die Verhaltensregeln kannst du in jedem Club einsehen.<\/li>\n\n\n\n<li>Verst\u00f6sst ein Mitglied gegen die Mitgliedschaftsbedingungen oder Verhaltensregeln, kann EVO die Mitgliedschaft fristlos k\u00fcndigen, ohne dass die Anmeldegeb\u00fchr oder bisher bezahlte Mitgliedsbeitr\u00e4ge erstattet werden.<\/li>\n<\/ol>\n\n\n\n<h3 class=\"wp-block-heading\">ANTI-DOPING<\/h3>\n\n\n\n<ol start=\"33\" class=\"wp-block-list\">\n<li>Als Mitglied bei EVO best\u00e4tigst du, dass du weder Stimulanzien noch die von Antidoping Schweiz aufgelisteten Substanzen einnimmst. Dar\u00fcber hinaus erkl\u00e4rst du sich damit einverstanden, auf Verlangen Dopingtests bei sich durchf\u00fchren zu lassen. F\u00e4llt ein Dopingtest positiv aus, wird deine Mitgliedschaft automatisch beendet.<\/li>\n\n\n\n<li>EVO legt Wert auf eine saubere und gesunde Trainingsumgebung und toleriert kein Doping bei seinen Mitgliedern. Kein Mitglied von EVO darf Dopingmittel einnehmen. Doping stellt eine eindeutige Verletzung unserer Trainingsvereinbarung dar und berechtigt EVO zur fristlosen K\u00fcndigung der Vereinbarung. Du darfst keine auf der Doping-Liste f\u00fcr Trainingscenter aufgef\u00fchrten Substanzen einsetzen. Diese Liste kannst du jederzeit unter <a href=\"https:\/\/www.antidoping.ch\/de\">https:\/\/www.antidoping.ch\/de<\/a> einsehen. EVO hat eine Vereinbarung mit Antidoping Norge \u00fcber Doping-Tests abgeschlossen. Sollte EVO Anzeichen oder Symptome von Drogenkonsum feststellen, werden wir dich zu einer Unterredung einbestellen, bei der wir dir eine Vereinbarung bzw. Erkl\u00e4rung zur Dopingkontrolle vorlegen. Darin verpflichtest du dich zur Abgabe eines Doping-Tests, sofern weiterhin Anzeichen f\u00fcr einen m\u00f6glichen Drogenkonsum vorliegen. Solltest du diese Vereinbarung nicht unterschreiben, wird dies als Verstoss gegeben die Mitgliedschaftsbedingungen gewertet, der EVO zur Beendigung deiner Mitgliedschaft berechtigt.<\/li>\n\n\n\n<li>Mitglieder, deren Doping-Test positiv ausf\u00e4llt, m\u00fcssen mit einer Anzeige rechnen.<\/li>\n<\/ol>\n\n\n\n<h3 class=\"wp-block-heading\">DATENSCHUTZ<\/h3>\n\n\n\n<ol start=\"36\" class=\"wp-block-list\">\n<li>Als Mitglied bei EVO erkl\u00e4rst du dich mit der Erhebung, Speicherung und Verarbeitung deiner personenbezogenen Daten durch EVO einverstanden. Diese Vorg\u00e4nge erfolgen, um die Kundenbeziehung zu verwalten, unser digitales Trainings-Tagebuch (<a href=\"https:\/\/me.evofitness.ch\/\"><strong>MyEVO<\/strong><\/a>) zu erm\u00f6glichen und unser Trainings-Paket und die \u00d6ffnungszeiten zu optimieren. In diesem Zusammenhang erheben und verarbeiten wir deine pers\u00f6nlichen Daten und speichern die Zeiten, in denen du deinen pers\u00f6nlichen Zugangs-Chip in unseren Clubs registriert hast.<\/li>\n\n\n\n<li>Als Mitglied erkl\u00e4rst du sich damit einverstanden, dass EVO f\u00fcr die Kommunikation mit dir im Hinblick auf alle wichtigen Aspekte deiner Kundenbeziehung, unter anderem f\u00fcr Newsletter und das Marketing neuer Angebote und Leistungen, elektronische Kommunikationsmittel nutzt.<\/li>\n\n\n\n<li>Wir speichern deine personenbezogenen Daten f\u00fcr die Dauer deiner Mitgliedschaft bei EVO und danach f\u00fcr weitere 3 Monate. Abweichend davon werden statistische Daten \u00fcber deine Club-Besuche jedoch f\u00fcr die Dauer von 1 Jahr gespeichert und danach anonymisiert. Als Mitglied hast du Anspruch auf Transparenz deiner personenbezogenen Daten sowie auf Berichtigung und Erg\u00e4nzung der Daten. Da die Mitteilung personenbezogener Daten freiwillig ist, kannst du deine Einwilligung jederzeit widerrufen, es sei denn, die rechtlichen Umst\u00e4nde gestatten oder verlangen die Speicherung solcher Daten (wie f\u00fcr die Veraltung der Kundenbeziehung). Verantwortlich f\u00fcr die Aufbewahrung personenbezogener Daten ist die Lifestyle Concept LLC. Richte jeglichen Kontakt bitte an <a href=\"mailto:s.meyzis@itdsb.de\">s.meyzis@itdsb.de<\/a>.<\/li>\n\n\n\n<li>Ohne deine Einwilligung werden wir deine personenbezogenen Daten nicht an andere \u00fcbermitteln. Etwas Anderes gilt nur f\u00fcr Inkasso- und buchhalterische Zwecke sowie gegen\u00fcber Credlock Systems AS und Nokas, die f\u00fcr die Video\u00fcberwachung unserer Fitness-Studios zust\u00e4ndig sind. Weitere Informationen \u00fcber den Umgang mit personenbezogenen Daten bei EVO findest du hier: <a href=\"https:\/\/evofitness.ch\/de\/datenschutzerklarung\/\"><strong>Datenschutzerkl\u00e4rung<\/strong><\/a>.<\/li>\n<\/ol>\n\n\n\n<h3 class=\"wp-block-heading\">RECHTE VON EVO<\/h3>\n\n\n\n<ol start=\"40\" class=\"wp-block-list\">\n<li>EVO kann seine Preise ohne Vorank\u00fcndigung im Einklang mit der Entwicklung des Verbrauchpreisindexes anpassen, jedoch h\u00f6chstens um 3% pro Jahr. Andere Preis\u00e4nderungen m\u00fcssen mit einer Vorank\u00fcndigungsfrist von 30 Tagen per E-Mail oder SMS mitgeteilt werden.<\/li>\n\n\n\n<li>In den EVO Clubs soll zu jeder Zeit ein hohes Qualit\u00e4tsniveau beibehalten werden, damit du unter den bestm\u00f6glichen Bedingungen trainieren kannst. Um die erforderlichen Instandhaltungsarbeiten auszuf\u00fchren, beh\u00e4lt sich EVO das Recht vor, Clubs jederzeit bis zu 3 Tagen pro Kalenderjahr zu schliessen.<\/li>\n\n\n\n<li>EVO kann die allgemeinen Mitgliedschaftsbedingungen \u00e4ndern. Bei wesentlichen oder f\u00fcr das Mitglied nachteiligen \u00c4nderungen wird EVO die Mitglieder eine angemessene Zeit vor Wirksamwerden der \u00c4nderungen informieren.<\/li>\n<\/ol>\n\n\n\n<p>*7 Wenn du vor dem 01.10.2019 ein Mitglied geworden bist, bleibt deine Mitgliedschaft nach der K\u00fcndigung bis zum Ende des laufenden Monats aktiv.<\/p>\n\n\n\n<p>*13 Wenn deine 12-monatige Mitgliedschaft vor dem 01.10.2019 angefangen hat, kannst du deine Mitgliedschaft innerhalb des 12.Monats auf <a href=\"https:\/\/me.evofitness.ch\/\"><strong>MyEVO<\/strong><\/a> k\u00fcndigen. Gek\u00fcndigt bleibt die Mitgliedschaft bis zum Ende des 12. Monats aktiv. Wird die Mitgliedschaft nicht rechtzeitig gek\u00fcndigt, verl\u00e4ngert sie sich automatisch um einen Zeitraum von 12 Monaten und kann dann im vorletzten Monat Ihres verl\u00e4ngerten Mitgliedschaftszeitraum gek\u00fcndigt werden. Bitte beachte, dass der 1. Monat deiner Mitgliedschaft der erste volle Kalendermonat ist.<\/p>\n\n\n\n<p>*14 Wenn deine 12-monatige Mitgliedschaft zwischen dem 01.10.2019 und 07.02.2024 angefangen hat, kannst du deine Mitgliedschaft bis zum Ende des 9. Monats auf <a href=\"https:\/\/me.evofitness.ch\/\"><strong>MyEVO<\/strong><\/a> k\u00fcndigen. Ab der K\u00fcndigung bleibt deine Mitgliedschaft bis zum Ende des 12. Monats aktiv. Falls die Mitgliedschaft nicht rechtzeitig gek\u00fcndigt wird, verl\u00e4ngert diese sich automatisch um weitere 12 Monate. Die Mitgliedschaft kann dann wieder bis zum 9. Monat deines verl\u00e4ngerten Mitgliedschaftszeitraums gek\u00fcndigt werden. Bitte beachte, dass der 1. Monat deiner Mitgliedschaft der erste volle Kalendermonat ist.<\/p>\n<\/div>\n","protected":false},"excerpt":{"rendered":"<p>Allgemeine Mitgliedschaftsbedingungen ALLGEMEINE MITGLIEDSCHAFTSBEDINGUNGEN VON EVO, 02.09.2024 EINLEITUNG DES VERTRAGES MITGLIEDSCHAFT OHNE LANGZEITBINDUNG 12-MONATIGE MITGLIEDSCHAFT GRATIS PROBETRAINING ZUTRITT VERWALTUNG DER&#8230;<\/p>\n","protected":false},"author":1,"featured_media":0,"parent":0,"menu_order":0,"comment_status":"closed","ping_status":"closed","template":"","meta":{"_acf_changed":false,"_seopress_robots_primary_cat":"","_seopress_titles_title":"Allgemeine Mitgliedschaftsbedingungen | EVO Fitness","_seopress_titles_desc":"Lies unsere allgemeinen Mitgliedschafts- und Vertragsbedingungen.","_seopress_robots_index":"yes","footnotes":""},"class_list":["post-55760","page","type-page","status-publish","format-standard","hentry"],"acf":[],"_links":{"self":[{"href":"https:\/\/evofitness.ch\/de\/wp-json\/wp\/v2\/pages\/55760","targetHints":{"allow":["GET"]}}],"collection":[{"href":"https:\/\/evofitness.ch\/de\/wp-json\/wp\/v2\/pages"}],"about":[{"href":"https:\/\/evofitness.ch\/de\/wp-json\/wp\/v2\/types\/page"}],"author":[{"embeddable":true,"href":"https:\/\/evofitness.ch\/de\/wp-json\/wp\/v2\/users\/1"}],"replies":[{"embeddable":true,"href":"https:\/\/evofitness.ch\/de\/wp-json\/wp\/v2\/comments?post=55760"}],"version-history":[{"count":5,"href":"https:\/\/evofitness.ch\/de\/wp-json\/wp\/v2\/pages\/55760\/revisions"}],"predecessor-version":[{"id":114370,"href":"https:\/\/evofitness.ch\/de\/wp-json\/wp\/v2\/pages\/55760\/revisions\/114370"}],"wp:attachment":[{"href":"https:\/\/evofitness.ch\/de\/wp-json\/wp\/v2\/media?parent=55760"}],"curies":[{"name":"wp","href":"https:\/\/api.w.org\/{rel}","templated":true}]}}