{"id":55728,"date":"2025-05-12T01:14:22","date_gmt":"2025-05-11T23:14:22","guid":{"rendered":"https:\/\/evofitness.ch\/krankenkassen-rueckverguetung\/"},"modified":"2025-06-23T10:48:37","modified_gmt":"2025-06-23T08:48:37","slug":"krankenkassen-ruckvergutung","status":"publish","type":"page","link":"https:\/\/evofitness.ch\/de\/krankenkassen-ruckvergutung\/","title":{"rendered":"Krankenkassen R\u00fcckverg\u00fctung"},"content":{"rendered":"","protected":false},"excerpt":{"rendered":"","protected":false},"author":1,"featured_media":0,"parent":0,"menu_order":0,"comment_status":"closed","ping_status":"closed","template":"","meta":{"_acf_changed":false,"_seopress_robots_primary_cat":"","_seopress_titles_title":"Krankenkassen R\u00fcckverg\u00fctung | EVO Fitness","_seopress_titles_desc":"EVO Mitglieder k\u00f6nnen bei ihrer Krankenkasse eine R\u00fcckerstattung von bis zu 90\u202f% des Jahresbeitrags ihrer Mitgliedschaft beantragen.","_seopress_robots_index":"","footnotes":""},"class_list":["post-55728","page","type-page","status-publish","format-standard","hentry"],"acf":[],"_links":{"self":[{"href":"https:\/\/evofitness.ch\/de\/wp-json\/wp\/v2\/pages\/55728","targetHints":{"allow":["GET"]}}],"collection":[{"href":"https:\/\/evofitness.ch\/de\/wp-json\/wp\/v2\/pages"}],"about":[{"href":"https:\/\/evofitness.ch\/de\/wp-json\/wp\/v2\/types\/page"}],"author":[{"embeddable":true,"href":"https:\/\/evofitness.ch\/de\/wp-json\/wp\/v2\/users\/1"}],"replies":[{"embeddable":true,"href":"https:\/\/evofitness.ch\/de\/wp-json\/wp\/v2\/comments?post=55728"}],"version-history":[{"count":3,"href":"https:\/\/evofitness.ch\/de\/wp-json\/wp\/v2\/pages\/55728\/revisions"}],"predecessor-version":[{"id":113206,"href":"https:\/\/evofitness.ch\/de\/wp-json\/wp\/v2\/pages\/55728\/revisions\/113206"}],"wp:attachment":[{"href":"https:\/\/evofitness.ch\/de\/wp-json\/wp\/v2\/media?parent=55728"}],"curies":[{"name":"wp","href":"https:\/\/api.w.org\/{rel}","templated":true}]}}