{"id":55722,"date":"2025-04-15T04:03:09","date_gmt":"2025-04-15T02:03:09","guid":{"rendered":"https:\/\/evofitness.ch\/einfuhrungsstunden\/"},"modified":"2025-04-15T04:03:09","modified_gmt":"2025-04-15T02:03:09","slug":"einfuhrungsstunden","status":"publish","type":"page","link":"https:\/\/evofitness.ch\/de\/einfuhrungsstunden\/","title":{"rendered":"Einfuhrungsstunden"},"content":{"rendered":"","protected":false},"excerpt":{"rendered":"","protected":false},"author":1,"featured_media":0,"parent":0,"menu_order":0,"comment_status":"closed","ping_status":"closed","template":"","meta":{"_acf_changed":false,"_seopress_robots_primary_cat":"","_seopress_titles_title":"Einf\u00fchrungsstunden f\u00fcr neue Mitglieder | EVO Fitness","_seopress_titles_desc":"Neue EVO Mitglieder sind zu einer kostenlosen Einf\u00fchrungsstunde eingeladen, um ihren Zugangschip zu erhalten, den Club zu besichtigen und mehr \u00fcber EVO zu lernen.","_seopress_robots_index":"","footnotes":""},"class_list":["post-55722","page","type-page","status-publish","format-standard","hentry"],"acf":[],"_links":{"self":[{"href":"https:\/\/evofitness.ch\/de\/wp-json\/wp\/v2\/pages\/55722","targetHints":{"allow":["GET"]}}],"collection":[{"href":"https:\/\/evofitness.ch\/de\/wp-json\/wp\/v2\/pages"}],"about":[{"href":"https:\/\/evofitness.ch\/de\/wp-json\/wp\/v2\/types\/page"}],"author":[{"embeddable":true,"href":"https:\/\/evofitness.ch\/de\/wp-json\/wp\/v2\/users\/1"}],"replies":[{"embeddable":true,"href":"https:\/\/evofitness.ch\/de\/wp-json\/wp\/v2\/comments?post=55722"}],"version-history":[{"count":0,"href":"https:\/\/evofitness.ch\/de\/wp-json\/wp\/v2\/pages\/55722\/revisions"}],"wp:attachment":[{"href":"https:\/\/evofitness.ch\/de\/wp-json\/wp\/v2\/media?parent=55722"}],"curies":[{"name":"wp","href":"https:\/\/api.w.org\/{rel}","templated":true}]}}