{"id":55707,"date":"2025-03-01T21:02:19","date_gmt":"2025-03-01T20:02:19","guid":{"rendered":"https:\/\/evofitness.ch\/memberships\/"},"modified":"2025-07-09T11:28:55","modified_gmt":"2025-07-09T09:28:55","slug":"mitgliedschaften","status":"publish","type":"page","link":"https:\/\/evofitness.ch\/de\/mitgliedschaften\/","title":{"rendered":"Mitgliedschaften"},"content":{"rendered":"","protected":false},"excerpt":{"rendered":"","protected":false},"author":1,"featured_media":0,"parent":0,"menu_order":0,"comment_status":"closed","ping_status":"closed","template":"","meta":{"_acf_changed":false,"_seopress_robots_primary_cat":"","_seopress_titles_title":"EVO Mitgliedschaften | EVO Fitness","_seopress_titles_desc":"W\u00e4hle die EVO Mitgliedschaft, die zu deinem Lebensstil passt. Geniesse volle Flexibilit\u00e4t ohne Bindung oder entscheide dich f\u00fcr einen 12-montige Mitgliedschaft. ","_seopress_robots_index":"","footnotes":""},"class_list":["post-55707","page","type-page","status-publish","format-standard","hentry"],"acf":[],"_links":{"self":[{"href":"https:\/\/evofitness.ch\/de\/wp-json\/wp\/v2\/pages\/55707","targetHints":{"allow":["GET"]}}],"collection":[{"href":"https:\/\/evofitness.ch\/de\/wp-json\/wp\/v2\/pages"}],"about":[{"href":"https:\/\/evofitness.ch\/de\/wp-json\/wp\/v2\/types\/page"}],"author":[{"embeddable":true,"href":"https:\/\/evofitness.ch\/de\/wp-json\/wp\/v2\/users\/1"}],"replies":[{"embeddable":true,"href":"https:\/\/evofitness.ch\/de\/wp-json\/wp\/v2\/comments?post=55707"}],"version-history":[{"count":2,"href":"https:\/\/evofitness.ch\/de\/wp-json\/wp\/v2\/pages\/55707\/revisions"}],"predecessor-version":[{"id":113310,"href":"https:\/\/evofitness.ch\/de\/wp-json\/wp\/v2\/pages\/55707\/revisions\/113310"}],"wp:attachment":[{"href":"https:\/\/evofitness.ch\/de\/wp-json\/wp\/v2\/media?parent=55707"}],"curies":[{"name":"wp","href":"https:\/\/api.w.org\/{rel}","templated":true}]}}