{"id":55697,"date":"2023-03-27T16:58:58","date_gmt":"2023-03-27T14:58:58","guid":{"rendered":"https:\/\/evofitness.ch\/homepage\/"},"modified":"2026-04-01T13:41:20","modified_gmt":"2026-04-01T11:41:20","slug":"homepage","status":"publish","type":"page","link":"https:\/\/evofitness.ch\/de\/","title":{"rendered":"Homepage"},"content":{"rendered":"","protected":false},"excerpt":{"rendered":"","protected":false},"author":1,"featured_media":0,"parent":0,"menu_order":0,"comment_status":"closed","ping_status":"closed","template":"","meta":{"_acf_changed":false,"_seopress_robots_primary_cat":"","_seopress_titles_title":"Dein Boutique Fitness Club in der Schweiz | EVO Fitness","_seopress_titles_desc":"EVO Fitness vereint Fitness und Boutique Design in 11 Clubs in der Schweiz \u2013 mit modernsten Ger\u00e4ten, einer einladenden Atmosph\u00e4re und Vertr\u00e4gen ohne Bindung.","_seopress_robots_index":"","footnotes":""},"class_list":["post-55697","page","type-page","status-publish","format-standard","hentry"],"acf":[],"_links":{"self":[{"href":"https:\/\/evofitness.ch\/de\/wp-json\/wp\/v2\/pages\/55697","targetHints":{"allow":["GET"]}}],"collection":[{"href":"https:\/\/evofitness.ch\/de\/wp-json\/wp\/v2\/pages"}],"about":[{"href":"https:\/\/evofitness.ch\/de\/wp-json\/wp\/v2\/types\/page"}],"author":[{"embeddable":true,"href":"https:\/\/evofitness.ch\/de\/wp-json\/wp\/v2\/users\/1"}],"replies":[{"embeddable":true,"href":"https:\/\/evofitness.ch\/de\/wp-json\/wp\/v2\/comments?post=55697"}],"version-history":[{"count":20,"href":"https:\/\/evofitness.ch\/de\/wp-json\/wp\/v2\/pages\/55697\/revisions"}],"predecessor-version":[{"id":115322,"href":"https:\/\/evofitness.ch\/de\/wp-json\/wp\/v2\/pages\/55697\/revisions\/115322"}],"wp:attachment":[{"href":"https:\/\/evofitness.ch\/de\/wp-json\/wp\/v2\/media?parent=55697"}],"curies":[{"name":"wp","href":"https:\/\/api.w.org\/{rel}","templated":true}]}}